{"id":1147,"date":"2024-05-15T20:37:45","date_gmt":"2024-05-15T20:37:45","guid":{"rendered":"https:\/\/lesececi.myhostpoint.ch\/haftungsausschluss\/"},"modified":"2025-08-26T12:19:02","modified_gmt":"2025-08-26T12:19:02","slug":"haftungsausschluss","status":"publish","type":"page","link":"https:\/\/lionspaw.ch\/de\/haftungsausschluss\/","title":{"rendered":"Haftungsausschluss"},"content":{"rendered":"\t\t<div data-elementor-type=\"wp-post\" data-elementor-id=\"1147\" class=\"elementor elementor-1147 elementor-436\" data-elementor-post-type=\"page\">\n\t\t\t\t<div class=\"elementor-element elementor-element-f15dc58 e-con-full e-flex e-con e-parent\" data-id=\"f15dc58\" data-element_type=\"container\" data-e-type=\"container\">\n\t\t<div class=\"elementor-element elementor-element-fc60a22 e-flex e-con-boxed e-con e-child\" data-id=\"fc60a22\" data-element_type=\"container\" data-e-type=\"container\">\n\t\t\t\t\t<div class=\"e-con-inner\">\n\t\t\t\t<div class=\"elementor-element elementor-element-28e6a2b elementor-widget elementor-widget-heading\" data-id=\"28e6a2b\" data-element_type=\"widget\" data-e-type=\"widget\" data-widget_type=\"heading.default\">\n\t\t\t\t<div class=\"elementor-widget-container\">\n\t\t\t\t\t<h2 class=\"elementor-heading-title elementor-size-default\">Haftungsausschluss<\/h2>\t\t\t\t<\/div>\n\t\t\t\t<\/div>\n\t\t\t\t<div class=\"elementor-element elementor-element-e40e66b elementor-widget__width-initial elementor-widget elementor-widget-text-editor\" data-id=\"e40e66b\" data-element_type=\"widget\" data-e-type=\"widget\" data-widget_type=\"text-editor.default\">\n\t\t\t\t<div class=\"elementor-widget-container\">\n\t\t\t\t\t\t\t\t\t<p>Jedes Dokument\/Pr\u00e4sentation, das von Lion\u2019s Paw erstellt wurde, ist f\u00fcr professionelle\/qualifizierte Anleger bestimmt Es wird ausschlie\u00dflich zu Informationszwecken bereitgestellt und ist ausschlie\u00dflich f\u00fcr den Empf\u00e4nger bestimmt. Die Informationen in solchen Dokumenten\/Pr\u00e4sentationen stellen weder eine Aufforderung noch ein Angebot noch eine pers\u00f6nliche Empfehlung dar, um ein Produkt zu kaufen oder zu verkaufen, Transaktionen durchzuf\u00fchren oder Transaktionen jeglicher Art abzuschlie\u00dfen, und entbinden den Empf\u00e4nger nicht von der Aus\u00fcbung seines eigenen Urteilsverm\u00f6gens.<\/p>\n<p>Es wird insbesondere empfohlen, dass der Empf\u00e4nger \u00fcberpr\u00fcft, ob die bereitgestellten Informationen im Einklang mit seinen eigenen Umst\u00e4nden hinsichtlich etwaiger rechtlicher, regulatorischer, steuerlicher oder anderer Konsequenzen stehen, gegebenenfalls mit Hilfe eines professionellen Beraters. Die Besteuerung variiert insbesondere je nach Land des Wohnsitzes des Kunden. Es liegt in der alleinigen Verantwortung des Kunden sicherzustellen, dass er die steuerlichen Auswirkungen und die Meldepflichten gem\u00e4\u00df seinem nationalen Recht versteht. Bevor Anleger investieren, sollten sie sich an einen unabh\u00e4ngigen Steuerberater wenden oder eine rechtliche Stellungnahme zur Besteuerung des Produkts einholen. Lion\u2019s Paw kann nicht f\u00fcr etwaige steuerliche Konsequenzen haftbar gemacht werden, die sich aus der Investition ergeben.<\/p>\n<p>Alle Daten in diesen Dokumenten\/Pr\u00e4sentationen sind sorgf\u00e4ltig recherchiert und stammen aus Quellen, die als zuverl\u00e4ssig angesehen werden, aber es werden keine Darstellungen oder Gew\u00e4hrleistungen f\u00fcr die Vollst\u00e4ndigkeit und Richtigkeit der hier bereitgestellten Daten \u00fcbernommen. Das Gleiche gilt f\u00fcr alle Daten, die von den Depotbanken geliefert werden, insbesondere f\u00fcr Position und Berechnungsdaten des Portfolios. Daher sind m\u00f6gliche Anspr\u00fcche im Zusammenhang mit den gelieferten Daten ausschlie\u00dflich an die Depotbank zu richten. Die \u00dcbersichten werden mit gr\u00f6\u00dfter Sorgfalt erstellt. Die Leistungsdaten werden unter Anwendung markt\u00fcblicher Bewertungs- und anerkannter Berechnungsmethoden berechnet. Es kann jedoch zu Abweichungen von den Angaben kommen, die von der Depotbank erstellt und ausgegeben wurden. Besonders betroffen sind Leistungsdaten und die Zuordnung (Klassifizierung) der Portfoliopositionen im Falle einer Konsolidierung sowie die Bewertung und Klassifizierung dieser Positionen. Etwaige Haftungen im Zusammenhang mit diesen Abweichungen sind daher ausgeschlossen.<\/p>\n<p>Die Entwicklung der Werte stammt aus der Vergangenheit. Vergangene Leistungen sind keine Garantie f\u00fcr zuk\u00fcnftige Gewinne und positive Leistungen. Daher kann keine Garantie f\u00fcr die Verm\u00f6genserhaltung oder -steigerung gegeben werden. Bestimmte Diagramme und\/oder Leistungsdaten enthalten m\u00f6glicherweise noch keine Geb\u00fchren. Alle Investitionen sind mit Risiken verbunden, insbesondere hinsichtlich der Wertschwankungen und der Rendite. Investitionen in Fremdw\u00e4hrungen bergen das zus\u00e4tzliche Risiko, dass die Fremdw\u00e4hrung gegen\u00fcber der Referenzw\u00e4hrung des Anlegers an Wert verliert. Bevor Sie sich f\u00fcr eine Investition entscheiden, laden wir Sie ein, den Prospekt zu lesen und die Risikofaktoren zu beachten.<\/p>\n<p>Die in diesen Dokumenten\/Pr\u00e4sentationen genannten Finanzinstrumente wurden nach den jeweils geltenden Gesetzen eingerichtet. Abonnements sind nur auf der Grundlage des aktuellen Verkaufsprospekts, des vereinfachten Prospekts oder des wesentlichen Anlegerinformationsdokuments (falls vorhanden) und des aktuellsten Jahresberichts (oder des halbj\u00e4hrlichen Berichts, sofern dieser aktueller ist) g\u00fcltig. Die Klassifizierung der Finanzinstrumente kann sich in Zukunft \u00e4ndern und stellt keine Garantie dar. Potenzielle Interessenkonflikte k\u00f6nnen nicht ausgeschlossen werden. F\u00fcr jedes in diesem Dokument genannte Finanzinstrument wird auf Anfrage ein spezifischerer Haftungsausschluss bereitgestellt.<\/p>\n<p>Die in Lion\u2019s Paw enthaltenen Informationen und Meinungen werden in gutem Glauben, aber ohne rechtliche Verantwortung bereitgestellt und k\u00f6nnen ohne vorherige Ank\u00fcndigung und ohne Verpflichtung zur Aktualisierung ge\u00e4ndert werden, sobald sie ver\u00f6ffentlicht wurden. Es wird keine Garantie oder Zusage hinsichtlich der Vollst\u00e4ndigkeit, Zuverl\u00e4ssigkeit oder Richtigkeit der gegebenen Informationen angeboten. Dieses Dokument richtet sich ausschlie\u00dflich an den Empf\u00e4nger und darf, sofern nicht ausdr\u00fccklich anders angegeben, nicht in Teilen oder im Ganzen ohne die vorherige schriftliche Genehmigung von Lion\u2019s Paw reproduziert, offengelegt und\/oder verteilt werden. Es richtet sich insbesondere nicht an Personen oder Einrichtungen, deren Zugang zu den Informationen in Frage gestellt w\u00e4re oder durch Gesetze oder Vorschriften untersagt w\u00e4re. Insbesondere darf keine Verteilung an die Vereinigten Staaten oder an US-Personen erfolgen.<\/p>\n<p>Lion\u2019s Paw ist ein von der Eidgen\u00f6ssischen Finanzmarktaufsicht FINMA zugelassener Verm\u00f6gensverwalter und unterliegt der Aufsicht durch die Schweizer Aufsichtsorganisation FINcontrol Suisse Ltd.<\/p>\n<p>LION\u2019S PAW LTD<\/p>\n\t\t\t\t\t\t\t\t<\/div>\n\t\t\t\t<\/div>\n\t\t\t\t\t<\/div>\n\t\t\t\t<\/div>\n\t\t\t\t<\/div>\n\t\t<div class=\"elementor-element elementor-element-64c3d53 e-con-full e-flex e-con e-parent\" data-id=\"64c3d53\" data-element_type=\"container\" data-e-type=\"container\" data-settings=\"{&quot;background_background&quot;:&quot;classic&quot;}\">\n\t\t<div class=\"elementor-element elementor-element-4933031 e-con-full e-flex e-con e-child\" data-id=\"4933031\" data-element_type=\"container\" data-e-type=\"container\">\n\t\t\t\t<div class=\"elementor-element elementor-element-c4bec5c elementor-widget elementor-widget-image\" data-id=\"c4bec5c\" data-element_type=\"widget\" data-e-type=\"widget\" data-widget_type=\"image.default\">\n\t\t\t\t<div class=\"elementor-widget-container\">\n\t\t\t\t\t\t\t\t\t\t\t\t\t\t\t<img fetchpriority=\"high\" decoding=\"async\" width=\"683\" height=\"1024\" src=\"https:\/\/lionspaw.ch\/wp-content\/uploads\/2024\/07\/Home-footer-business-people-V2-683x1024.png\" class=\"attachment-large size-large wp-image-1447\" alt=\"\" srcset=\"https:\/\/lionspaw.ch\/wp-content\/uploads\/2024\/07\/Home-footer-business-people-V2-683x1024.png 683w, https:\/\/lionspaw.ch\/wp-content\/uploads\/2024\/07\/Home-footer-business-people-V2-200x300.png 200w, https:\/\/lionspaw.ch\/wp-content\/uploads\/2024\/07\/Home-footer-business-people-V2-768x1152.png 768w, https:\/\/lionspaw.ch\/wp-content\/uploads\/2024\/07\/Home-footer-business-people-V2-1024x1536.png 1024w, https:\/\/lionspaw.ch\/wp-content\/uploads\/2024\/07\/Home-footer-business-people-V2-1366x2048.png 1366w, https:\/\/lionspaw.ch\/wp-content\/uploads\/2024\/07\/Home-footer-business-people-V2.png 1431w\" sizes=\"(max-width: 683px) 100vw, 683px\" \/>\t\t\t\t\t\t\t\t\t\t\t\t\t\t\t<\/div>\n\t\t\t\t<\/div>\n\t\t\t\t<\/div>\n\t\t<div class=\"elementor-element elementor-element-b46e48b e-con-full e-flex e-con e-child\" data-id=\"b46e48b\" data-element_type=\"container\" data-e-type=\"container\">\n\t\t<div class=\"elementor-element elementor-element-3b665c9 e-con-full e-flex e-con e-child\" data-id=\"3b665c9\" data-element_type=\"container\" data-e-type=\"container\">\n\t\t<div class=\"elementor-element elementor-element-d2e9f74 e-con-full e-flex e-con e-child\" data-id=\"d2e9f74\" data-element_type=\"container\" data-e-type=\"container\">\n\t\t\t\t<div class=\"elementor-element elementor-element-a9bb668 elementor-widget elementor-widget-heading\" data-id=\"a9bb668\" data-element_type=\"widget\" data-e-type=\"widget\" data-widget_type=\"heading.default\">\n\t\t\t\t<div class=\"elementor-widget-container\">\n\t\t\t\t\t<h2 class=\"elementor-heading-title elementor-size-default\">Ihre Partner<\/h2>\t\t\t\t<\/div>\n\t\t\t\t<\/div>\n\t\t\t\t<div class=\"elementor-element elementor-element-30c1369 elementor-widget elementor-widget-heading\" data-id=\"30c1369\" data-element_type=\"widget\" data-e-type=\"widget\" data-widget_type=\"heading.default\">\n\t\t\t\t<div class=\"elementor-widget-container\">\n\t\t\t\t\t<h2 class=\"elementor-heading-title elementor-size-default\">Dienstleistungen<\/h2>\t\t\t\t<\/div>\n\t\t\t\t<\/div>\n\t\t\t\t<div class=\"elementor-element elementor-element-d388709 elementor-widget elementor-widget-text-editor\" data-id=\"d388709\" data-element_type=\"widget\" data-e-type=\"widget\" data-widget_type=\"text-editor.default\">\n\t\t\t\t<div class=\"elementor-widget-container\">\n\t\t\t\t\t\t\t\t\t<p>Wir entwickeln Finanzl\u00f6sungen, die darauf zugeschnitten sind, das Verm\u00f6gen Ihrer Familie \u00fcber Generationen hinweg zu erhalten und zu mehren.<\/p>\n\t\t\t\t\t\t\t\t<\/div>\n\t\t\t\t<\/div>\n\t\t\t\t<div class=\"elementor-element elementor-element-048debc elementor-mobile-align-center elementor-widget elementor-widget-button\" data-id=\"048debc\" data-element_type=\"widget\" data-e-type=\"widget\" data-widget_type=\"button.default\">\n\t\t\t\t<div class=\"elementor-widget-container\">\n\t\t\t\t\t\t\t\t\t<div class=\"elementor-button-wrapper\">\n\t\t\t\t\t<a class=\"elementor-button elementor-button-link elementor-size-sm\" href=\"https:\/\/lionspaw.ch\/de\/dienstleistungen\/\">\n\t\t\t\t\t\t<span class=\"elementor-button-content-wrapper\">\n\t\t\t\t\t\t\t\t\t<span class=\"elementor-button-text\">Erfahren Sie mehr<\/span>\n\t\t\t\t\t<\/span>\n\t\t\t\t\t<\/a>\n\t\t\t\t<\/div>\n\t\t\t\t\t\t\t\t<\/div>\n\t\t\t\t<\/div>\n\t\t\t\t<\/div>\n\t\t<div class=\"elementor-element elementor-element-06bb0ba e-con-full e-flex e-con e-child\" data-id=\"06bb0ba\" data-element_type=\"container\" data-e-type=\"container\">\n\t\t\t\t<div class=\"elementor-element elementor-element-55aefaa elementor-widget elementor-widget-heading\" data-id=\"55aefaa\" data-element_type=\"widget\" data-e-type=\"widget\" data-widget_type=\"heading.default\">\n\t\t\t\t<div class=\"elementor-widget-container\">\n\t\t\t\t\t<h2 class=\"elementor-heading-title elementor-size-default\">Lion's Paw<span data-metadata=\"&lt;!--(figmeta)eyJmaWxlS2V5IjoidGpCU3RtQ1FpWWVaUWNLSEM3d2tlaSIsInBhc3RlSUQiOjE2ODg5MjA2ODEsImRhdGFUeXBlIjoic2NlbmUifQo=(\/figmeta)--&gt;\"><\/span><\/h2>\t\t\t\t<\/div>\n\t\t\t\t<\/div>\n\t\t\t\t<div class=\"elementor-element elementor-element-98adc39 elementor-widget elementor-widget-heading\" data-id=\"98adc39\" data-element_type=\"widget\" data-e-type=\"widget\" data-widget_type=\"heading.default\">\n\t\t\t\t<div class=\"elementor-widget-container\">\n\t\t\t\t\t<h2 class=\"elementor-heading-title elementor-size-default\">\u00dcber uns<\/h2>\t\t\t\t<\/div>\n\t\t\t\t<\/div>\n\t\t\t\t<div class=\"elementor-element elementor-element-add1c0c elementor-widget elementor-widget-text-editor\" data-id=\"add1c0c\" data-element_type=\"widget\" data-e-type=\"widget\" data-widget_type=\"text-editor.default\">\n\t\t\t\t<div class=\"elementor-widget-container\">\n\t\t\t\t\t\t\t\t\t<p>Family Offices sind heute mehr als nur Verm\u00f6gensverwalter. Sie sind vertrauensw\u00fcrdige Berater und ein integraler Bestandteil der strategischen Planung der Familie.<\/p>\n\t\t\t\t\t\t\t\t<\/div>\n\t\t\t\t<\/div>\n\t\t\t\t<div class=\"elementor-element elementor-element-806e556 elementor-mobile-align-center elementor-widget elementor-widget-button\" data-id=\"806e556\" data-element_type=\"widget\" data-e-type=\"widget\" data-widget_type=\"button.default\">\n\t\t\t\t<div class=\"elementor-widget-container\">\n\t\t\t\t\t\t\t\t\t<div class=\"elementor-button-wrapper\">\n\t\t\t\t\t<a class=\"elementor-button elementor-button-link elementor-size-sm\" href=\"https:\/\/lionspaw.ch\/de\/ueber\/\">\n\t\t\t\t\t\t<span class=\"elementor-button-content-wrapper\">\n\t\t\t\t\t\t\t\t\t<span class=\"elementor-button-text\">Erfahren Sie mehr<\/span>\n\t\t\t\t\t<\/span>\n\t\t\t\t\t<\/a>\n\t\t\t\t<\/div>\n\t\t\t\t\t\t\t\t<\/div>\n\t\t\t\t<\/div>\n\t\t\t\t<\/div>\n\t\t\t\t<\/div>\n\t\t\t\t<\/div>\n\t\t\t\t<\/div>\n\t\t\t\t<\/div>\n\t\t","protected":false},"excerpt":{"rendered":"<p>Haftungsausschluss Jedes Dokument\/Pr\u00e4sentation, das von Lion\u2019s Paw erstellt wurde, ist f\u00fcr professionelle\/qualifizierte Anleger bestimmt Es wird ausschlie\u00dflich zu Informationszwecken bereitgestellt und ist ausschlie\u00dflich f\u00fcr den Empf\u00e4nger bestimmt. Die Informationen in solchen Dokumenten\/Pr\u00e4sentationen stellen weder eine Aufforderung noch ein Angebot noch eine pers\u00f6nliche Empfehlung dar, um ein Produkt zu kaufen oder zu verkaufen, Transaktionen durchzuf\u00fchren oder [&hellip;]<\/p>\n","protected":false},"author":4,"featured_media":0,"parent":0,"menu_order":0,"comment_status":"closed","ping_status":"closed","template":"","meta":{"_acf_changed":false,"footnotes":""},"class_list":["post-1147","page","type-page","status-publish","hentry"],"acf":[],"_links":{"self":[{"href":"https:\/\/lionspaw.ch\/de\/wp-json\/wp\/v2\/pages\/1147","targetHints":{"allow":["GET"]}}],"collection":[{"href":"https:\/\/lionspaw.ch\/de\/wp-json\/wp\/v2\/pages"}],"about":[{"href":"https:\/\/lionspaw.ch\/de\/wp-json\/wp\/v2\/types\/page"}],"author":[{"embeddable":true,"href":"https:\/\/lionspaw.ch\/de\/wp-json\/wp\/v2\/users\/4"}],"replies":[{"embeddable":true,"href":"https:\/\/lionspaw.ch\/de\/wp-json\/wp\/v2\/comments?post=1147"}],"version-history":[{"count":6,"href":"https:\/\/lionspaw.ch\/de\/wp-json\/wp\/v2\/pages\/1147\/revisions"}],"predecessor-version":[{"id":1697,"href":"https:\/\/lionspaw.ch\/de\/wp-json\/wp\/v2\/pages\/1147\/revisions\/1697"}],"wp:attachment":[{"href":"https:\/\/lionspaw.ch\/de\/wp-json\/wp\/v2\/media?parent=1147"}],"curies":[{"name":"wp","href":"https:\/\/api.w.org\/{rel}","templated":true}]}}